{"id":1101,"date":"2020-11-25T08:16:44","date_gmt":"2020-11-25T07:16:44","guid":{"rendered":"https:\/\/xn--fluorfreie-schaumfeuerlscher-p2c.ch\/?page_id=1101"},"modified":"2020-11-25T16:41:08","modified_gmt":"2020-11-25T15:41:08","slug":"einsatzmoeglichkeiten","status":"publish","type":"page","link":"https:\/\/xn--fluorfreie-schaumfeuerlscher-p2c.ch\/index.php\/einsatzmoeglichkeiten\/","title":{"rendered":"Einsatzm\u00f6glichkeiten"},"content":{"rendered":"<div data-colibri-id=\"1101-c1\" class=\"style-698 style-local-1101-c1 position-relative\">\r\n  <!---->\r\n  <div data-colibri-component=\"section\" data-colibri-id=\"1101-c19\" id=\"custom\" class=\"h-section h-section-global-spacing d-flex align-items-lg-center align-items-md-center align-items-center style-716 style-local-1101-c19 position-relative\">\r\n    <!---->\r\n    <!---->\r\n    <div class=\"h-section-grid-container h-section-boxed-container\">\r\n      <!---->\r\n      <div data-colibri-id=\"1101-c20\" class=\"h-row-container gutters-row-lg-2 gutters-row-md-2 gutters-row-0 gutters-row-v-lg-2 gutters-row-v-md-2 gutters-row-v-2 style-717 style-local-1101-c20 position-relative\">\r\n        <!---->\r\n        <div class=\"h-row justify-content-lg-center justify-content-md-center justify-content-center align-items-lg-stretch align-items-md-stretch align-items-stretch gutters-col-lg-2 gutters-col-md-2 gutters-col-0 gutters-col-v-lg-2 gutters-col-v-md-2 gutters-col-v-2\">\r\n          <!---->\r\n          <div class=\"h-column h-column-container d-flex h-col-lg-auto h-col-md-auto h-col-auto style-718-outer style-local-1101-c21-outer\">\r\n            <div data-colibri-id=\"1101-c21\" class=\"d-flex h-flex-basis h-column__inner h-px-lg-2 h-px-md-2 h-px-2 v-inner-lg-2 v-inner-md-2 v-inner-2 style-718 style-local-1101-c21 position-relative\">\r\n              <!---->\r\n              <!---->\r\n              <div class=\"w-100 h-y-container h-column__content h-column__v-align flex-basis-100 align-self-lg-start align-self-md-start align-self-start\">\r\n                <!---->\r\n                <div data-colibri-id=\"1101-c22\" class=\"h-global-transition-all h-heading style-719 style-local-1101-c22 position-relative h-element\">\r\n                  <!---->\r\n                  <div class=\"h-heading__outer style-719 style-local-1101-c22\">\r\n                    <!---->\r\n                    <!---->\r\n                    <h3 class=\"\">Haushalt<\/h3>\r\n                  <\/div>\r\n                <\/div>\r\n              <\/div>\r\n            <\/div>\r\n          <\/div>\r\n          <div class=\"h-column h-column-container d-flex h-col-lg-auto h-col-md-auto h-col-auto style-720-outer style-local-1101-c23-outer\">\r\n            <div data-colibri-id=\"1101-c23\" class=\"d-flex h-flex-basis h-column__inner h-px-lg-2 h-px-md-2 h-px-2 v-inner-lg-2 v-inner-md-2 v-inner-2 style-720 style-local-1101-c23 position-relative\">\r\n              <!---->\r\n              <!---->\r\n              <div class=\"w-100 h-y-container h-column__content h-column__v-align flex-basis-100 align-self-lg-start align-self-md-start align-self-start\">\r\n                <!---->\r\n                <div data-colibri-id=\"1101-c25\" class=\"h-global-transition-all h-heading style-722 style-local-1101-c25 position-relative h-element\">\r\n                  <!---->\r\n                  <div class=\"h-heading__outer style-722 style-local-1101-c25\">\r\n                    <!---->\r\n                    <!---->\r\n                    <h3 class=\"\">B\u00fcro<\/h3>\r\n                  <\/div>\r\n                <\/div>\r\n              <\/div>\r\n            <\/div>\r\n          <\/div>\r\n          <div class=\"h-column h-column-container d-flex h-col-lg-auto h-col-md-auto h-col-auto style-721-outer style-local-1101-c24-outer\">\r\n            <div data-colibri-id=\"1101-c24\" class=\"d-flex h-flex-basis h-column__inner h-px-lg-2 h-px-md-2 h-px-2 v-inner-lg-2 v-inner-md-2 v-inner-2 style-721 style-local-1101-c24 position-relative\">\r\n              <!---->\r\n              <!---->\r\n              <div class=\"w-100 h-y-container h-column__content h-column__v-align flex-basis-100 align-self-lg-start align-self-md-start align-self-start\">\r\n                <!---->\r\n                <div data-colibri-id=\"1101-c26\" class=\"h-global-transition-all h-heading style-723 style-local-1101-c26 position-relative h-element\">\r\n                  <!---->\r\n                  <div class=\"h-heading__outer style-723 style-local-1101-c26\">\r\n                    <!---->\r\n                    <!---->\r\n                    <h3 class=\"\">Gewerbe<\/h3>\r\n                  <\/div>\r\n                <\/div>\r\n              <\/div>\r\n            <\/div>\r\n          <\/div>\r\n        <\/div>\r\n      <\/div>\r\n      <div data-colibri-id=\"1101-c37\" class=\"h-row-container gutters-row-lg-2 gutters-row-md-2 gutters-row-0 gutters-row-v-lg-2 gutters-row-v-md-2 gutters-row-v-2 style-727 style-local-1101-c37 position-relative\">\r\n        <!---->\r\n        <div class=\"h-row justify-content-lg-center justify-content-md-center justify-content-center align-items-lg-stretch align-items-md-stretch align-items-stretch gutters-col-lg-2 gutters-col-md-2 gutters-col-0 gutters-col-v-lg-2 gutters-col-v-md-2 gutters-col-v-2\">\r\n          <!---->\r\n          <div class=\"h-column h-column-container d-flex h-col-lg-auto h-col-md-auto h-col-auto style-728-outer style-local-1101-c38-outer\">\r\n            <div data-colibri-id=\"1101-c38\" class=\"d-flex h-flex-basis h-column__inner h-px-lg-2 h-px-md-2 h-px-2 v-inner-lg-2 v-inner-md-2 v-inner-2 style-728 style-local-1101-c38 position-relative\">\r\n              <!---->\r\n              <!---->\r\n              <div class=\"w-100 h-y-container h-column__content h-column__v-align flex-basis-100 align-self-lg-start align-self-md-start align-self-start\">\r\n                <!---->\r\n                <div data-colibri-id=\"1101-c39\" class=\"h-text h-text-component style-731 style-local-1101-c39 position-relative h-element\">\r\n                  <!---->\r\n                  <!---->\r\n                  <div class=\"\">\r\n                    <p>Haushalt\r\n                      <br>Camping\r\n                      <br>Wohnmobile\r\n                      <br>Fahrzeuge\r\n                      <br>Kleine Lagerr\u00e4ume<\/p>\r\n                  <\/div>\r\n                <\/div>\r\n              <\/div>\r\n            <\/div>\r\n          <\/div>\r\n          <div class=\"h-column h-column-container d-flex h-col-lg-auto h-col-md-auto h-col-auto style-729-outer style-local-1101-c40-outer\">\r\n            <div data-colibri-id=\"1101-c40\" class=\"d-flex h-flex-basis h-column__inner h-px-lg-2 h-px-md-2 h-px-2 v-inner-lg-2 v-inner-md-2 v-inner-2 style-729 style-local-1101-c40 position-relative\">\r\n              <!---->\r\n              <!---->\r\n              <div class=\"w-100 h-y-container h-column__content h-column__v-align flex-basis-100 align-self-lg-start align-self-md-start align-self-start\">\r\n                <!---->\r\n                <div data-colibri-id=\"1101-c41\" class=\"h-text h-text-component style-732 style-local-1101-c41 position-relative h-element\">\r\n                  <!---->\r\n                  <!---->\r\n                  <div class=\"\">\r\n                    <p>B\u00fcror\u00e4umlichkeiten\r\n                      <br>Cafeteria\r\n                      <br>Kleine Materiallager\r\n                      <br>Aufenthaltsr\u00e4ume\r\n                      <br>Garderoben<\/p>\r\n                  <\/div>\r\n                <\/div>\r\n              <\/div>\r\n            <\/div>\r\n          <\/div>\r\n          <div class=\"h-column h-column-container d-flex h-col-lg-auto h-col-md-auto h-col-auto style-730-outer style-local-1101-c42-outer\">\r\n            <div data-colibri-id=\"1101-c42\" class=\"d-flex h-flex-basis h-column__inner h-px-lg-2 h-px-md-2 h-px-2 v-inner-lg-2 v-inner-md-2 v-inner-2 style-730 style-local-1101-c42 position-relative\">\r\n              <!---->\r\n              <!---->\r\n              <div class=\"w-100 h-y-container h-column__content h-column__v-align flex-basis-100 align-self-lg-start align-self-md-start align-self-start\">\r\n                <!---->\r\n                <div data-colibri-id=\"1101-c43\" class=\"h-text h-text-component style-733 style-local-1101-c43 position-relative h-element\">\r\n                  <!---->\r\n                  <!---->\r\n                  <div class=\"\">\r\n                    <p>Allgemeines Gewerbe\r\n                      <br>Lagerr\u00e4ume\r\n                      <br>Produktionen\r\n                      <br>Verkaufsfl\u00e4chen\r\n                      <br>Landwirtschaft<\/p>\r\n                  <\/div>\r\n                <\/div>\r\n              <\/div>\r\n            <\/div>\r\n          <\/div>\r\n        <\/div>\r\n      <\/div>\r\n    <\/div>\r\n  <\/div>\r\n  <div data-colibri-component=\"section\" data-colibri-id=\"1101-c27\" id=\"custom-2\" class=\"h-section h-section-global-spacing d-flex align-items-lg-center align-items-md-center align-items-center style-724 style-local-1101-c27 position-relative\">\r\n    <!---->\r\n    <!---->\r\n    <div class=\"h-section-grid-container h-section-boxed-container\">\r\n      <!---->\r\n      <div data-colibri-id=\"1101-c28\" class=\"h-row-container gutters-row-lg-2 gutters-row-md-2 gutters-row-0 gutters-row-v-lg-2 gutters-row-v-md-2 gutters-row-v-2 style-725 style-local-1101-c28 position-relative\">\r\n        <!---->\r\n        <div class=\"h-row justify-content-lg-center justify-content-md-center justify-content-center align-items-lg-stretch align-items-md-stretch align-items-stretch gutters-col-lg-2 gutters-col-md-2 gutters-col-0 gutters-col-v-lg-2 gutters-col-v-md-2 gutters-col-v-2\">\r\n          <!---->\r\n          <div class=\"h-column h-column-container d-flex h-col-lg-auto h-col-md-auto h-col-auto style-726-outer style-local-1101-c29-outer\">\r\n            <div data-colibri-id=\"1101-c29\" class=\"d-flex h-flex-basis h-column__inner h-px-lg-2 h-px-md-2 h-px-2 v-inner-lg-2 v-inner-md-2 v-inner-2 style-726 style-local-1101-c29 position-relative\">\r\n              <!---->\r\n              <!---->\r\n              <div class=\"w-100 h-y-container h-column__content h-column__v-align flex-basis-100 align-self-lg-start align-self-md-start align-self-start\">\r\n                <!---->\r\n                <div data-colibri-id=\"1101-c44\" class=\"h-x-container style-734 style-local-1101-c44 position-relative h-element\">\r\n                  <!---->\r\n                  <div class=\"h-x-container-inner style-dynamic-1101-c44-group style-734-spacing style-local-1101-c44-spacing\"><span class=\"h-button__outer style-735-outer style-local-1101-c45-outer d-inline-flex h-element\"><a h-use-smooth-scroll=\"true\" href=\"https:\/\/xn--fluorfreie-schaumfeuerlscher-p2c.ch\/index.php\/einsatzmoeglichkeiten\/haushalts-feuerloescher\/\"  data-colibri-id=\"1101-c45\" class=\"d-flex w-100 align-items-center h-button justify-content-lg-center justify-content-md-center justify-content-center style-735 style-local-1101-c45 position-relative\"><!----><!----> <span>Haushalt Feuerl\u00f6scher<\/span><\/a>\r\n                    <\/span>\r\n                  <\/div>\r\n                <\/div>\r\n              <\/div>\r\n            <\/div>\r\n          <\/div>\r\n          <div class=\"h-column h-column-container d-flex h-col-lg-auto h-col-md-auto h-col-auto style-736-outer style-local-1101-c46-outer\">\r\n            <div data-colibri-id=\"1101-c46\" class=\"d-flex h-flex-basis h-column__inner h-px-lg-2 h-px-md-2 h-px-2 v-inner-lg-2 v-inner-md-2 v-inner-2 style-736 style-local-1101-c46 position-relative\">\r\n              <!---->\r\n              <!---->\r\n              <div class=\"w-100 h-y-container h-column__content h-column__v-align flex-basis-100 align-self-lg-start align-self-md-start align-self-start\">\r\n                <!---->\r\n                <div data-colibri-id=\"1101-c48\" class=\"h-x-container style-738 style-local-1101-c48 position-relative h-element\">\r\n                  <!---->\r\n                  <div class=\"h-x-container-inner style-dynamic-1101-c48-group style-738-spacing style-local-1101-c48-spacing\"><span class=\"h-button__outer style-739-outer style-local-1101-c49-outer d-inline-flex h-element\"><a h-use-smooth-scroll=\"true\" href=\"https:\/\/xn--fluorfreie-schaumfeuerlscher-p2c.ch\/index.php\/einsatzmoeglichkeiten\/buero-schaum-feuerloescher\/\"  data-colibri-id=\"1101-c49\" class=\"d-flex w-100 align-items-center h-button justify-content-lg-center justify-content-md-center justify-content-center style-739 style-local-1101-c49 position-relative\"><!----><!----> <span>B\u00fcro Feuerl\u00f6scher<\/span><\/a>\r\n                    <\/span>\r\n                  <\/div>\r\n                <\/div>\r\n              <\/div>\r\n            <\/div>\r\n          <\/div>\r\n          <div class=\"h-column h-column-container d-flex h-col-lg-auto h-col-md-auto h-col-auto style-737-outer style-local-1101-c47-outer\">\r\n            <div data-colibri-id=\"1101-c47\" class=\"d-flex h-flex-basis h-column__inner h-px-lg-2 h-px-md-2 h-px-2 v-inner-lg-2 v-inner-md-2 v-inner-2 style-737 style-local-1101-c47 position-relative\">\r\n              <!---->\r\n              <!---->\r\n              <div class=\"w-100 h-y-container h-column__content h-column__v-align flex-basis-100 align-self-lg-start align-self-md-start align-self-start\">\r\n                <!---->\r\n                <div data-colibri-id=\"1101-c50\" class=\"h-x-container style-740 style-local-1101-c50 position-relative h-element\">\r\n                  <!---->\r\n                  <div class=\"h-x-container-inner style-dynamic-1101-c50-group style-740-spacing style-local-1101-c50-spacing\"><span class=\"h-button__outer style-741-outer style-local-1101-c51-outer d-inline-flex h-element\"><a h-use-smooth-scroll=\"true\" href=\"https:\/\/xn--fluorfreie-schaumfeuerlscher-p2c.ch\/index.php\/einsatzmoeglichkeiten\/gewerbe-feuerloescher\/\"  data-colibri-id=\"1101-c51\" class=\"d-flex w-100 align-items-center h-button justify-content-lg-center justify-content-md-center justify-content-center style-741 style-local-1101-c51 position-relative\"><!----><!----> <span>Gewerbe Feuerl\u00f6scher<\/span><\/a>\r\n                    <\/span>\r\n                  <\/div>\r\n                <\/div>\r\n              <\/div>\r\n            <\/div>\r\n          <\/div>\r\n        <\/div>\r\n      <\/div>\r\n    <\/div>\r\n  <\/div>\r\n<\/div>","protected":false},"excerpt":{"rendered":"<p>Haushalt B\u00fcro Gewerbe Haushalt Camping Wohnmobile Fahrzeuge Kleine Lagerr\u00e4ume B\u00fcror\u00e4umlichkeiten Cafeteria Kleine Materiallager Aufenthaltsr\u00e4ume Garderoben Allgemeines Gewerbe Lagerr\u00e4ume Produktionen Verkaufsfl\u00e4chen Landwirtschaft Haushalt Feuerl\u00f6scher B\u00fcro Feuerl\u00f6scher Gewerbe Feuerl\u00f6scher<\/p>\n","protected":false},"author":3,"featured_media":0,"parent":0,"menu_order":2,"comment_status":"closed","ping_status":"closed","template":"page-templates\/full-width-page.php","meta":{"footnotes":""},"class_list":["post-1101","page","type-page","status-publish","hentry"],"aioseo_notices":[],"_links":{"self":[{"href":"https:\/\/xn--fluorfreie-schaumfeuerlscher-p2c.ch\/index.php\/wp-json\/wp\/v2\/pages\/1101","targetHints":{"allow":["GET"]}}],"collection":[{"href":"https:\/\/xn--fluorfreie-schaumfeuerlscher-p2c.ch\/index.php\/wp-json\/wp\/v2\/pages"}],"about":[{"href":"https:\/\/xn--fluorfreie-schaumfeuerlscher-p2c.ch\/index.php\/wp-json\/wp\/v2\/types\/page"}],"author":[{"embeddable":true,"href":"https:\/\/xn--fluorfreie-schaumfeuerlscher-p2c.ch\/index.php\/wp-json\/wp\/v2\/users\/3"}],"replies":[{"embeddable":true,"href":"https:\/\/xn--fluorfreie-schaumfeuerlscher-p2c.ch\/index.php\/wp-json\/wp\/v2\/comments?post=1101"}],"version-history":[{"count":4,"href":"https:\/\/xn--fluorfreie-schaumfeuerlscher-p2c.ch\/index.php\/wp-json\/wp\/v2\/pages\/1101\/revisions"}],"predecessor-version":[{"id":1217,"href":"https:\/\/xn--fluorfreie-schaumfeuerlscher-p2c.ch\/index.php\/wp-json\/wp\/v2\/pages\/1101\/revisions\/1217"}],"wp:attachment":[{"href":"https:\/\/xn--fluorfreie-schaumfeuerlscher-p2c.ch\/index.php\/wp-json\/wp\/v2\/media?parent=1101"}],"curies":[{"name":"wp","href":"https:\/\/api.w.org\/{rel}","templated":true}]}}