{"id":1103,"date":"2020-11-25T08:17:23","date_gmt":"2020-11-25T07:17:23","guid":{"rendered":"https:\/\/xn--fluorfreie-schaumfeuerlscher-p2c.ch\/?page_id=1103"},"modified":"2021-10-26T13:54:29","modified_gmt":"2021-10-26T12:54:29","slug":"haushalts-feuerloescher","status":"publish","type":"page","link":"https:\/\/xn--fluorfreie-schaumfeuerlscher-p2c.ch\/index.php\/einsatzmoeglichkeiten\/haushalts-feuerloescher\/","title":{"rendered":"Fluorfreie Schaum-Feuerl\u00f6scher f\u00fcr den Haushalt"},"content":{"rendered":"<div data-colibri-id=\"1103-c1\" class=\"style-746 style-local-1103-c1 position-relative\">\n  <!---->\n  <div data-colibri-component=\"section\" data-colibri-id=\"1103-c2\" id=\"custom\" class=\"h-section h-section-global-spacing d-flex align-items-lg-center align-items-md-center align-items-center style-747 style-local-1103-c2 position-relative\">\n    <!---->\n    <!---->\n    <div class=\"h-section-grid-container h-section-boxed-container\">\n      <!---->\n      <div data-colibri-id=\"1103-c3\" class=\"h-row-container gutters-row-lg-2 gutters-row-md-2 gutters-row-0 gutters-row-v-lg-2 gutters-row-v-md-2 gutters-row-v-2 style-748 style-local-1103-c3 position-relative\">\n        <!---->\n        <div class=\"h-row justify-content-lg-center justify-content-md-center justify-content-center align-items-lg-stretch align-items-md-stretch align-items-stretch gutters-col-lg-2 gutters-col-md-2 gutters-col-0 gutters-col-v-lg-2 gutters-col-v-md-2 gutters-col-v-2\">\n          <!---->\n          <div class=\"h-column h-column-container d-flex h-col-lg-auto h-col-md-auto h-col-auto style-749-outer style-local-1103-c4-outer\">\n            <div data-colibri-id=\"1103-c4\" class=\"d-flex h-flex-basis h-column__inner h-px-lg-2 h-px-md-2 h-px-2 v-inner-lg-2 v-inner-md-2 v-inner-2 style-749 style-local-1103-c4 position-relative\">\n              <!---->\n              <!---->\n              <div class=\"w-100 h-y-container h-column__content h-column__v-align flex-basis-100 align-self-lg-start align-self-md-start align-self-start\">\n                <!---->\n                <div data-colibri-id=\"1103-c5\" class=\"h-text h-text-component style-750 style-local-1103-c5 position-relative h-element\">\n                  <!---->\n                  <!---->\n                  <div class=\"\">\n                    <p>Ein Fluorfreier Schaum-Feuerl\u00f6scher ist in jedem Fall das richtige Produkt. Sie k\u00f6nnen alle Brandklassen die im Haushalt vorhanden sind, problemlos l\u00f6schen, ausgenommen sind Fettbr\u00e4nde. Beim Gebrauch werden keine grossen Verschmutzungen\n                      verursacht werden, da das L\u00f6schmittel nur im Feuer wirkt und keine anderen Bereiche in Mitleidenschaft ziehen wird. Wichtig zu wissen, auch wenn der Fluorfreie Schaum Feuerl\u00f6scher niemals zum Einsatz kommen sollte, in der Wartung\n                      wird das L\u00f6schmittel regelm\u00e4ssig gewechselt und somit fallen da keine umweltsch\u00e4digende Substanzen an, die kostenintensiv entsorgt werden m\u00fcssen.<\/p>\n                    <p>Setzen auch Sie auf umweltvertr\u00e4gliche Fluorfreie Schaum Feuerl\u00f6scher.<\/p>\n                    <p>\n                      <br>\n                    <\/p>\n                  <\/div>\n                <\/div>\n              <\/div>\n            <\/div>\n          <\/div>\n        <\/div>\n      <\/div>\n    <\/div>\n  <\/div>\n<\/div>","protected":false},"excerpt":{"rendered":"<p>Ein Fluorfreier Schaum-Feuerl\u00f6scher ist in jedem Fall das richtige Produkt. Sie k\u00f6nnen alle Brandklassen die im Haushalt vorhanden sind, problemlos l\u00f6schen, ausgenommen sind Fettbr\u00e4nde. Beim Gebrauch werden keine grossen Verschmutzungen verursacht werden, da das L\u00f6schmittel nur im Feuer wirkt und keine anderen Bereiche in Mitleidenschaft ziehen wird. Wichtig zu wissen, auch wenn der Fluorfreie Schaum [&hellip;]<\/p>\n","protected":false},"author":3,"featured_media":0,"parent":1101,"menu_order":1,"comment_status":"closed","ping_status":"closed","template":"page-templates\/full-width-page.php","meta":{"footnotes":""},"class_list":["post-1103","page","type-page","status-publish","hentry"],"aioseo_notices":[],"_links":{"self":[{"href":"https:\/\/xn--fluorfreie-schaumfeuerlscher-p2c.ch\/index.php\/wp-json\/wp\/v2\/pages\/1103","targetHints":{"allow":["GET"]}}],"collection":[{"href":"https:\/\/xn--fluorfreie-schaumfeuerlscher-p2c.ch\/index.php\/wp-json\/wp\/v2\/pages"}],"about":[{"href":"https:\/\/xn--fluorfreie-schaumfeuerlscher-p2c.ch\/index.php\/wp-json\/wp\/v2\/types\/page"}],"author":[{"embeddable":true,"href":"https:\/\/xn--fluorfreie-schaumfeuerlscher-p2c.ch\/index.php\/wp-json\/wp\/v2\/users\/3"}],"replies":[{"embeddable":true,"href":"https:\/\/xn--fluorfreie-schaumfeuerlscher-p2c.ch\/index.php\/wp-json\/wp\/v2\/comments?post=1103"}],"version-history":[{"count":5,"href":"https:\/\/xn--fluorfreie-schaumfeuerlscher-p2c.ch\/index.php\/wp-json\/wp\/v2\/pages\/1103\/revisions"}],"predecessor-version":[{"id":1369,"href":"https:\/\/xn--fluorfreie-schaumfeuerlscher-p2c.ch\/index.php\/wp-json\/wp\/v2\/pages\/1103\/revisions\/1369"}],"up":[{"embeddable":true,"href":"https:\/\/xn--fluorfreie-schaumfeuerlscher-p2c.ch\/index.php\/wp-json\/wp\/v2\/pages\/1101"}],"wp:attachment":[{"href":"https:\/\/xn--fluorfreie-schaumfeuerlscher-p2c.ch\/index.php\/wp-json\/wp\/v2\/media?parent=1103"}],"curies":[{"name":"wp","href":"https:\/\/api.w.org\/{rel}","templated":true}]}}