{"id":1109,"date":"2020-11-25T08:20:14","date_gmt":"2020-11-25T07:20:14","guid":{"rendered":"https:\/\/xn--fluorfreie-schaumfeuerlscher-p2c.ch\/?page_id=1109"},"modified":"2021-10-26T13:57:37","modified_gmt":"2021-10-26T12:57:37","slug":"haushalts-schaum-feuerloescher-6-liter","status":"publish","type":"page","link":"https:\/\/xn--fluorfreie-schaumfeuerlscher-p2c.ch\/index.php\/einsatzmoeglichkeiten\/haushalts-feuerloescher\/haushalts-schaum-feuerloescher-6-liter\/","title":{"rendered":"Fluorfreie Schaum Feuerl\u00f6scher 6 Liter f\u00fcr den Haushalt"},"content":{"rendered":"<div data-colibri-id=\"1109-c1\" class=\"style-574 style-local-1109-c1 position-relative\">\n  <!---->\n  <div data-colibri-component=\"section\" data-colibri-id=\"1109-c2\" id=\"custom\" class=\"h-section h-section-global-spacing d-flex align-items-lg-center align-items-md-center align-items-center style-579 style-local-1109-c2 position-relative\">\n    <!---->\n    <!---->\n    <div class=\"h-section-grid-container h-section-boxed-container\">\n      <!---->\n      <div data-colibri-id=\"1109-c3\" class=\"h-row-container gutters-row-lg-2 gutters-row-md-2 gutters-row-0 gutters-row-v-lg-2 gutters-row-v-md-2 gutters-row-v-2 style-592 style-local-1109-c3 position-relative\">\n        <!---->\n        <div class=\"h-row justify-content-lg-center justify-content-md-center justify-content-center align-items-lg-stretch align-items-md-stretch align-items-stretch gutters-col-lg-2 gutters-col-md-2 gutters-col-0 gutters-col-v-lg-2 gutters-col-v-md-2 gutters-col-v-2\">\n          <!---->\n          <div class=\"h-column h-column-container d-flex h-col-lg-auto h-col-md-auto h-col-auto style-593-outer style-local-1109-c4-outer\">\n            <div data-colibri-id=\"1109-c4\" class=\"d-flex h-flex-basis h-column__inner h-px-lg-2 h-px-md-2 h-px-2 v-inner-lg-2 v-inner-md-2 v-inner-2 style-593 style-local-1109-c4 position-relative\">\n              <!---->\n              <!---->\n              <div class=\"w-100 h-y-container h-column__content h-column__v-align flex-basis-100 align-self-lg-start align-self-md-start align-self-start\">\n                <!---->\n                <div data-colibri-id=\"1109-c5\" class=\"d-block style-591 style-local-1109-c5 position-relative h-element\">\n                  <!---->\n                  <div class=\"h-image__frame-container-outer\">\n                    <div class=\"h-image__frame-container\">\n                      <!---->\n                      <!---->\n                      <img loading=\"lazy\" decoding=\"async\" width=\"329\" height=\"600\" src=\"https:\/\/xn--fluorfreie-schaumfeuerlscher-p2c.ch\/wp-content\/uploads\/2020\/11\/cropped-SB6817400-1-1.jpg\" class=\"wp-image-1179 style-591-image style-local-1109-c5-image\" alt=\"Schaum Feuerl\u00f6scher SK6Bio21\" srcset=\"https:\/\/xn--fluorfreie-schaumfeuerlscher-p2c.ch\/wp-content\/uploads\/2020\/11\/cropped-SB6817400-1-1.jpg 329w, https:\/\/xn--fluorfreie-schaumfeuerlscher-p2c.ch\/wp-content\/uploads\/2020\/11\/cropped-SB6817400-1-1-165x300.jpg 165w\" sizes=\"auto, (max-width: 329px) 100vw, 329px\" \/>\n                      <div class=\"h-image__frame h-hide-lg h-hide-md h-hide-sm style-591-frameImage style-local-1109-c5-frameImage\"><\/div>\n                    <\/div>\n                  <\/div>\n                <\/div>\n              <\/div>\n            <\/div>\n          <\/div>\n        <\/div>\n      <\/div>\n    <\/div>\n  <\/div>\n  <div data-colibri-component=\"section\" data-colibri-id=\"1109-c6\" id=\"custom-2\" class=\"h-section h-section-global-spacing d-flex align-items-lg-center align-items-md-center align-items-center style-597 style-local-1109-c6 position-relative\">\n    <!---->\n    <!---->\n    <div class=\"h-section-grid-container h-section-boxed-container\">\n      <!---->\n      <div data-colibri-id=\"1109-c16\" class=\"h-row-container gutters-row-lg-2 gutters-row-md-2 gutters-row-0 gutters-row-v-lg-2 gutters-row-v-md-2 gutters-row-v-2 style-696 style-local-1109-c16 position-relative\">\n        <!---->\n        <div class=\"h-row justify-content-lg-center justify-content-md-center justify-content-center align-items-lg-stretch align-items-md-stretch align-items-stretch gutters-col-lg-2 gutters-col-md-2 gutters-col-0 gutters-col-v-lg-2 gutters-col-v-md-2 gutters-col-v-2\">\n          <!---->\n          <div class=\"h-column h-column-container d-flex h-col-lg-auto h-col-md-auto h-col-auto style-697-outer style-local-1109-c17-outer\">\n            <div data-colibri-id=\"1109-c17\" class=\"d-flex h-flex-basis h-column__inner h-px-lg-2 h-px-md-2 h-px-2 v-inner-lg-2 v-inner-md-2 v-inner-2 style-697 style-local-1109-c17 position-relative\">\n              <!---->\n              <!---->\n              <div class=\"w-100 h-y-container h-column__content h-column__v-align flex-basis-100 align-self-lg-start align-self-md-start align-self-start\">\n                <!---->\n                <div data-colibri-id=\"1109-c18\" class=\"h-text h-text-component style-695 style-local-1109-c18 position-relative h-element\">\n                  <!---->\n                  <!---->\n                  <div class=\"\">\n                    <h2><strong>Fluorfreie Schaum-Feuerl\u00f6scher 6 Liter, 100% Umweltfreundlich ohne L\u00f6sungsmittel<\/strong><\/h2>\n                    <p>Umweltfreundlich, Innovativ, zuverl\u00e4ssig und sehr einfach zu bedienen: Der&nbsp;<strong style=\"font-weight: 700;\">Fluorfreie Schaum-Feuerl\u00f6scher 6 Liter<\/strong>&nbsp;mit&nbsp;GREEN L\u00f6schmittel&nbsp;S6JX&nbsp;Green E 27&nbsp;mit 6\n                      Liter Inhalt eignet sich perfekt f\u00fcr Privathaushalte und das Gewerbe, f\u00fcr Verkaufsfl\u00e4chen und die Industrie. Sein Fluor und L\u00f6semittelfreies L\u00f6schmittel, das sich gezielt dosieren l\u00e4sst, bildet auf der Oberfl\u00e4che des Brandgutes einen\n                      geschlossenen und dampfdichten Wasserfilm auch bei brennenden Fl\u00fcssigkeiten. Diese Sperrschicht verhindert, dass D\u00e4mpfe und Gase austreten, was die Sauerstoffzufuhr zum Brandgut unterbindet und das Feuer erstickt. Zudem k\u00fchlt der\n                      Schaum aufgrund seines Wasseranteils. Bei einem Sicherheitsabstand von 1 Meter bek\u00e4mpft der&nbsp;Fluor und L\u00f6semittelfreie Schaum Feuerl\u00f6scher von Schweizer Brandschutz auch brennende elektrische Anlagen bis 1000 Volt. Wenn Sie sich\n                      f\u00fcr den Kauf eines fluorfreien Schaum-Feuerl\u00f6scher interessieren, dann kaufen Sie einen fluorfreien Schaum Feuerl\u00f6scher der auch im Test perfekt abgeschnitten hat. Je nach Anwendung wird das 6 Liter Schaum Ger\u00e4t bereits reichen,\n                      da dieses im Praxis Test sehr gut abgeschnitten hat. Bedenken Sie dabei, kaufen ist das eine, jeder Feuerl\u00f6scher ben\u00f6tigt auch eine regelm\u00e4ssige Wartung. Wir von Schweizer Brandschutz beraten Sie auch nach dem kaufen, Sie k\u00f6nnen\n                      uns jederzeit erreichen f\u00fcr Fragen f\u00fcr Fragen \u00fcber Ihren Feuerl\u00f6scher.<\/p>\n                    <h3><strong>Was zeichnet Fluorfreie Schaum-Feuerl\u00f6scher 6 Liter mit GREEN Foam aus?<\/strong><\/h3>\n                    <p>Es uns endlich gelungen, auf Fluor in unseren Schauml\u00f6schern der Serie GREEN komplett zu verzichten. Dar\u00fcber hinaus enthalten diese L\u00f6scher keine L\u00f6sungsmittel. Nach derzeitigen wissenschaftlichen Erkenntnissen, handelt es sich hier\n                      um ein Schauml\u00f6schmittel, welches bedenkenlos im Kampf der Brandklassen A und B und sogar bei polaren Br\u00e4nden eingesetzt werden kann. Damit ist sein Einsatzspektrum breit gef\u00e4chert bei gleichzeitig geringer Auswirkung auf die Umwelt.\n                      So setzen wir sowohl im Bereich der Dauerdruck als auch der Aufladetechnik ganz neue Ma\u00dfst\u00e4be \u2013 und das Made in Germany. Unser Umweltgedanke endet noch lange nicht beim Produkt: Ein sparsamer Einsatz von Papier, eine energiebewusste\n                      und umweltschonende Produktion sowie ein reduzierter Einsatz von Verpackungsmaterial und eine m\u00f6glichst hohe Wiederverwertbarkeit unseres Produktes sind ebenfalls Kriterien, welche immer wieder gepr\u00fcft und verbessert werden und damit\n                      fester Teil unseres Beitrags zum nachhaltigen Handeln sind; F\u00fcr unsere Erde und damit die Zukunft unserer Kinder und Enkel. Tun auch Sie der Umwelt gutes, indem Sie Fluorfreie Schaum-Feuerl\u00f6scher 6 Liter einsetzen. Das L\u00f6schmittel\n                      JoMix AB AR GREEN kommt komplett ohne Fluorbestandteile und L\u00f6sungsmittel aus. Es besteht fast zu 100% aus nat\u00fcrlich Rohstoffen. Das L\u00f6schmittel ist weder persistent, bioakkumulierend oder toxisch. Da der AB-L\u00f6scher sowohl bei unpolaren\n                      als auch polaren Br\u00e4nden eingesetzt werden kann, ist er vor allem dann ideal, wenn der Anwender \u00fcber die Art der brennenden Fl\u00fcssigkeiten oder deren Gemische keine 100%ige Gewissheit hat. Bei der perfekten Abstimmung von Technik\n                      und L\u00f6schmittel spielt die Schaumd\u00fcse eine essentielle Rolle. Als innovative Venturi-D\u00fcse designt saugt die innovative Jockel-Schaumd\u00fcse Luft aus der Umgebung an und verwirbelt diese mit dem L\u00f6schmittel. Ein besonders dichter Schaumteppich\n                      entsteht und schlie\u00dft den Sauerstoff vom Brandherd ab, so dass der Brand erl\u00f6scht.<\/p>\n                  <\/div>\n                <\/div>\n              <\/div>\n            <\/div>\n          <\/div>\n        <\/div>\n      <\/div>\n      <div data-colibri-id=\"1109-c19\" class=\"h-row-container gutters-row-lg-2 gutters-row-md-2 gutters-row-0 gutters-row-v-lg-2 gutters-row-v-md-2 gutters-row-v-2 style-621 style-local-1109-c19 position-relative\">\n        <!---->\n        <div class=\"h-row justify-content-lg-center justify-content-md-center justify-content-center align-items-lg-stretch align-items-md-stretch align-items-stretch gutters-col-lg-2 gutters-col-md-2 gutters-col-0 gutters-col-v-lg-2 gutters-col-v-md-2 gutters-col-v-2\">\n          <!---->\n          <div class=\"h-column h-column-container d-flex h-col-lg-auto h-col-md-auto h-col-auto style-622-outer style-local-1109-c20-outer\">\n            <div data-colibri-id=\"1109-c20\" class=\"d-flex h-flex-basis h-column__inner h-px-lg-2 h-px-md-2 h-px-2 v-inner-lg-2 v-inner-md-2 v-inner-2 style-622 style-local-1109-c20 position-relative\">\n              <!---->\n              <!---->\n              <div class=\"w-100 h-y-container h-column__content h-column__v-align flex-basis-100 align-self-lg-start align-self-md-start align-self-start\">\n                <!---->\n                <div data-colibri-id=\"1109-c21\" class=\"h-x-container style-613 style-local-1109-c21 position-relative h-element\">\n                  <!---->\n                  <div class=\"h-x-container-inner style-dynamic-1109-c21-group style-613-spacing style-local-1109-c21-spacing\"><span class=\"h-button__outer style-614-outer style-local-1109-c22-outer d-inline-flex h-element\"><a h-use-smooth-scroll=\"true\" href=\"https:\/\/www.schweizer-brandschutz.ch\/Fluorfreie-Schaum-Feuerloescher-6-Liter-S6-JX-Green-E-27\"  data-colibri-id=\"1109-c22\" class=\"d-flex w-100 align-items-center h-button justify-content-lg-center justify-content-md-center justify-content-center style-614 style-local-1109-c22 position-relative\"><!----><!----> <span>Hier gehts zum Online Shop<\/span><\/a>\n                    <\/span>\n                  <\/div>\n                <\/div>\n              <\/div>\n            <\/div>\n          <\/div>\n        <\/div>\n      <\/div>\n    <\/div>\n  <\/div>\n<\/div>","protected":false},"excerpt":{"rendered":"<p>Fluorfreie Schaum-Feuerl\u00f6scher 6 Liter, 100% Umweltfreundlich ohne L\u00f6sungsmittel Umweltfreundlich, Innovativ, zuverl\u00e4ssig und sehr einfach zu bedienen: Der&nbsp;Fluorfreie Schaum-Feuerl\u00f6scher 6 Liter&nbsp;mit&nbsp;GREEN L\u00f6schmittel&nbsp;S6JX&nbsp;Green E 27&nbsp;mit 6 Liter Inhalt eignet sich perfekt f\u00fcr Privathaushalte und das Gewerbe, f\u00fcr Verkaufsfl\u00e4chen und die Industrie. Sein Fluor und L\u00f6semittelfreies L\u00f6schmittel, das sich gezielt dosieren l\u00e4sst, bildet auf der Oberfl\u00e4che des Brandgutes [&hellip;]<\/p>\n","protected":false},"author":3,"featured_media":0,"parent":1103,"menu_order":2,"comment_status":"closed","ping_status":"closed","template":"page-templates\/full-width-page.php","meta":{"footnotes":""},"class_list":["post-1109","page","type-page","status-publish","hentry"],"aioseo_notices":[],"_links":{"self":[{"href":"https:\/\/xn--fluorfreie-schaumfeuerlscher-p2c.ch\/index.php\/wp-json\/wp\/v2\/pages\/1109","targetHints":{"allow":["GET"]}}],"collection":[{"href":"https:\/\/xn--fluorfreie-schaumfeuerlscher-p2c.ch\/index.php\/wp-json\/wp\/v2\/pages"}],"about":[{"href":"https:\/\/xn--fluorfreie-schaumfeuerlscher-p2c.ch\/index.php\/wp-json\/wp\/v2\/types\/page"}],"author":[{"embeddable":true,"href":"https:\/\/xn--fluorfreie-schaumfeuerlscher-p2c.ch\/index.php\/wp-json\/wp\/v2\/users\/3"}],"replies":[{"embeddable":true,"href":"https:\/\/xn--fluorfreie-schaumfeuerlscher-p2c.ch\/index.php\/wp-json\/wp\/v2\/comments?post=1109"}],"version-history":[{"count":9,"href":"https:\/\/xn--fluorfreie-schaumfeuerlscher-p2c.ch\/index.php\/wp-json\/wp\/v2\/pages\/1109\/revisions"}],"predecessor-version":[{"id":1377,"href":"https:\/\/xn--fluorfreie-schaumfeuerlscher-p2c.ch\/index.php\/wp-json\/wp\/v2\/pages\/1109\/revisions\/1377"}],"up":[{"embeddable":true,"href":"https:\/\/xn--fluorfreie-schaumfeuerlscher-p2c.ch\/index.php\/wp-json\/wp\/v2\/pages\/1103"}],"wp:attachment":[{"href":"https:\/\/xn--fluorfreie-schaumfeuerlscher-p2c.ch\/index.php\/wp-json\/wp\/v2\/media?parent=1109"}],"curies":[{"name":"wp","href":"https:\/\/api.w.org\/{rel}","templated":true}]}}