{"id":1115,"date":"2020-11-25T08:23:08","date_gmt":"2020-11-25T07:23:08","guid":{"rendered":"https:\/\/xn--fluorfreie-schaumfeuerlscher-p2c.ch\/?page_id=1115"},"modified":"2021-10-26T14:07:02","modified_gmt":"2021-10-26T13:07:02","slug":"buero-schaum-feuerloescher","status":"publish","type":"page","link":"https:\/\/xn--fluorfreie-schaumfeuerlscher-p2c.ch\/index.php\/einsatzmoeglichkeiten\/buero-schaum-feuerloescher\/","title":{"rendered":"B\u00fcro-Feuerl\u00f6scher"},"content":{"rendered":"<div data-colibri-id=\"1115-c1\" class=\"style-751 style-local-1115-c1 position-relative\">\n  <!---->\n  <div data-colibri-component=\"section\" data-colibri-id=\"1115-c6\" id=\"custom\" class=\"h-section h-section-global-spacing d-flex align-items-lg-center align-items-md-center align-items-center style-832 style-local-1115-c6 position-relative\">\n    <!---->\n    <!---->\n    <div class=\"h-section-grid-container h-section-boxed-container\">\n      <!---->\n      <div data-colibri-id=\"1115-c7\" class=\"h-row-container gutters-row-lg-2 gutters-row-md-2 gutters-row-0 gutters-row-v-lg-2 gutters-row-v-md-2 gutters-row-v-2 style-833 style-local-1115-c7 position-relative\">\n        <!---->\n        <div class=\"h-row justify-content-lg-center justify-content-md-center justify-content-center align-items-lg-stretch align-items-md-stretch align-items-stretch gutters-col-lg-2 gutters-col-md-2 gutters-col-0 gutters-col-v-lg-2 gutters-col-v-md-2 gutters-col-v-2\">\n          <!---->\n          <div class=\"h-column h-column-container d-flex h-col-lg-auto h-col-md-auto h-col-auto style-834-outer style-local-1115-c8-outer\">\n            <div data-colibri-id=\"1115-c8\" class=\"d-flex h-flex-basis h-column__inner h-px-lg-2 h-px-md-2 h-px-2 v-inner-lg-2 v-inner-md-2 v-inner-2 style-834 style-local-1115-c8 position-relative\">\n              <!---->\n              <!---->\n              <div class=\"w-100 h-y-container h-column__content h-column__v-align flex-basis-100 align-self-lg-start align-self-md-start align-self-start\">\n                <!---->\n                <div data-colibri-id=\"1115-c9\" class=\"h-text h-text-component style-835 style-local-1115-c9 position-relative h-element\">\n                  <!---->\n                  <!---->\n                  <div class=\"\">\n                    <h2><strong>Was sind B\u00fcro-Feuerl\u00f6scher ?<\/strong><\/h2>\n                    <p>\n                      <br>\n                    <\/p>\n                  <\/div>\n                <\/div>\n              <\/div>\n            <\/div>\n          <\/div>\n        <\/div>\n      <\/div>\n    <\/div>\n  <\/div>\n  <div data-colibri-component=\"section\" data-colibri-id=\"1115-c10\" id=\"custom-2\" class=\"h-section h-section-global-spacing d-flex align-items-lg-center align-items-md-center align-items-center style-836 style-local-1115-c10 position-relative\">\n    <!---->\n    <!---->\n    <div class=\"h-section-grid-container h-section-boxed-container\">\n      <!---->\n      <div data-colibri-id=\"1115-c11\" class=\"h-row-container gutters-row-lg-2 gutters-row-md-2 gutters-row-0 gutters-row-v-lg-2 gutters-row-v-md-2 gutters-row-v-2 style-837 style-local-1115-c11 position-relative\">\n        <!---->\n        <div class=\"h-row justify-content-lg-center justify-content-md-center justify-content-center align-items-lg-stretch align-items-md-stretch align-items-stretch gutters-col-lg-2 gutters-col-md-2 gutters-col-0 gutters-col-v-lg-2 gutters-col-v-md-2 gutters-col-v-2\">\n          <!---->\n          <div class=\"h-column h-column-container d-flex h-col-lg-auto h-col-md-auto h-col-auto style-838-outer style-local-1115-c12-outer\">\n            <div data-colibri-id=\"1115-c12\" class=\"d-flex h-flex-basis h-column__inner h-px-lg-2 h-px-md-2 h-px-2 v-inner-lg-2 v-inner-md-2 v-inner-2 style-838 style-local-1115-c12 position-relative\">\n              <!---->\n              <!---->\n              <div class=\"w-100 h-y-container h-column__content h-column__v-align flex-basis-100 align-self-lg-start align-self-md-start align-self-start\">\n                <!---->\n                <div data-colibri-id=\"1115-c13\" class=\"h-text h-text-component style-839 style-local-1115-c13 position-relative h-element\">\n                  <!---->\n                  <!---->\n                  <div class=\"\">\n                    <p><span style=\"font-weight: 400; font-size: 15px; font-family: &quot;Open Sans&quot;, &quot;Helvetica Neue&quot;, Helvetica, Arial, sans-serif; color: rgba(0, 0, 0, 0.5);\">Wir haben uns Gedanken gemacht, damit auch unerfahrene Kunden zum richtigen Feuerl\u00f6scher kommen. Da dies ja meistens nicht Ihr allt\u00e4gliches Thema ist, haben wir ein&nbsp;<\/span>\n                      <strong\n                        style=\"font-weight: 700; font-size: 15px; font-family: &quot;Open Sans&quot;, &quot;Helvetica Neue&quot;, Helvetica, Arial, sans-serif; color: rgba(0, 0, 0, 0.5);\">B\u00fcro-Feuerl\u00f6scher<\/strong><span style=\"font-weight: 400; font-size: 15px; font-family: &quot;Open Sans&quot;, &quot;Helvetica Neue&quot;, Helvetica, Arial, sans-serif; color: rgba(0, 0, 0, 0.5);\">&nbsp;Sortiment erstellt. So sind Sie als Kunde sicher, die richtigen Feuerl\u00f6scher anzuschaffen. Auch hier gibts nat\u00fcrlich noch einige Feuerl\u00f6scher Typen, doch \u00fcber die Beschreibungen sind die passenden Feuerl\u00f6scher schnell gefunden. Alle B\u00fcro-Feuerl\u00f6scher sind zugelassen und sind im B\u00fcro richtig platziert.<\/span><\/p>\n                  <\/div>\n                <\/div>\n              <\/div>\n            <\/div>\n          <\/div>\n        <\/div>\n      <\/div>\n    <\/div>\n  <\/div>\n  <div data-colibri-component=\"section\" data-colibri-id=\"1115-c14\" id=\"custom-3\" class=\"h-section h-section-global-spacing d-flex align-items-lg-center align-items-md-center align-items-center style-840 style-local-1115-c14 position-relative\">\n    <!---->\n    <!---->\n    <div class=\"h-section-grid-container h-section-boxed-container\">\n      <!---->\n      <div data-colibri-id=\"1115-c15\" class=\"h-row-container gutters-row-lg-2 gutters-row-md-2 gutters-row-0 gutters-row-v-lg-2 gutters-row-v-md-2 gutters-row-v-2 style-841 style-local-1115-c15 position-relative\">\n        <!---->\n        <div class=\"h-row justify-content-lg-center justify-content-md-center justify-content-center align-items-lg-stretch align-items-md-stretch align-items-stretch gutters-col-lg-2 gutters-col-md-2 gutters-col-0 gutters-col-v-lg-2 gutters-col-v-md-2 gutters-col-v-2\">\n          <!---->\n          <div class=\"h-column h-column-container d-flex h-col-lg-auto h-col-md-auto h-col-auto style-842-outer style-local-1115-c16-outer\">\n            <div data-colibri-id=\"1115-c16\" class=\"d-flex h-flex-basis h-column__inner h-px-lg-2 h-px-md-2 h-px-2 v-inner-lg-2 v-inner-md-2 v-inner-2 style-842 style-local-1115-c16 position-relative\">\n              <!---->\n              <!---->\n              <div class=\"w-100 h-y-container h-column__content h-column__v-align flex-basis-100 align-self-lg-start align-self-md-start align-self-start\">\n                <!---->\n                <div data-colibri-id=\"1115-c20\" class=\"h-text h-text-component style-843 style-local-1115-c20 position-relative h-element\">\n                  <!---->\n                  <!---->\n                  <div class=\"\">\n                    <h3><strong>B\u00fcro-Feuerl\u00f6scher Auswahl<\/strong><\/h3>\n                    <p>\n                      <br>\n                    <\/p>\n                  <\/div>\n                <\/div>\n              <\/div>\n            <\/div>\n          <\/div>\n        <\/div>\n      <\/div>\n      <div data-colibri-id=\"1115-c18\" class=\"h-row-container gutters-row-lg-2 gutters-row-md-2 gutters-row-0 gutters-row-v-lg-2 gutters-row-v-md-2 gutters-row-v-2 style-844 style-local-1115-c18 position-relative\">\n        <!---->\n        <div class=\"h-row justify-content-lg-center justify-content-md-center justify-content-center align-items-lg-stretch align-items-md-stretch align-items-stretch gutters-col-lg-2 gutters-col-md-2 gutters-col-0 gutters-col-v-lg-2 gutters-col-v-md-2 gutters-col-v-2\">\n          <!---->\n          <div class=\"h-column h-column-container d-flex h-col-lg-auto h-col-md-auto h-col-auto style-845-outer style-local-1115-c19-outer\">\n            <div data-colibri-id=\"1115-c19\" class=\"d-flex h-flex-basis h-column__inner h-px-lg-2 h-px-md-2 h-px-2 v-inner-lg-2 v-inner-md-2 v-inner-2 style-845 style-local-1115-c19 position-relative\">\n              <!---->\n              <!---->\n              <div class=\"w-100 h-y-container h-column__content h-column__v-align flex-basis-100 align-self-lg-start align-self-md-start align-self-start\">\n                <!---->\n                <div data-colibri-id=\"1115-c21\" class=\"h-text h-text-component style-846 style-local-1115-c21 position-relative h-element\">\n                  <!---->\n                  <!---->\n                  <div class=\"\">\n                    <p><span style=\"font-weight: 400; font-size: 15px; font-family: &quot;Open Sans&quot;, &quot;Helvetica Neue&quot;, Helvetica, Arial, sans-serif; color: rgba(0, 0, 0, 0.5);\">Das k\u00f6nnen Fluorfreie Schaum-Feuerl\u00f6scher, Co2-Feuerl\u00f6scher oder Wassernebel-Feuerl\u00f6scher ein. Diese sollten vor allem Brandlast in einem B\u00fcro bek\u00e4mpfen k\u00f6nnen. Das kann die EDV, Computer, etc. sein, das kann aber auch ein Papierkorb oder eine Kaffeemaschine sein. Das sollte man l\u00f6schen k\u00f6nnen, ohne noch gr\u00f6sseren Schaden durch falsches L\u00f6schmittel zu generieren. Fluorfreie Schaum-Feuerl\u00f6scher, Co2-Feuerl\u00f6scher oder Wassernebel-Feuerl\u00f6scher sind geeignet, die im B\u00fcro vorherrschenden Gefahren bestm\u00f6glich unter Kontrolle zu bringen im m\u00f6glichen Ernstfall. B\u00fcro-Feuerl\u00f6scher sind vielf\u00e4ltig einsetzbar, die Gefahren im B\u00fcro sind meistens \u00fcberblickbar, trotzdem ist eine fachm\u00e4nnische Analyse der Schl\u00fcssel zum Erfolg. Ob bei Ihnen ein Fluorfreier Schaum-Feuerl\u00f6scher, Co2-Feuerl\u00f6scher oder ein Wassernebel-Feuerl\u00f6scher die Beste Wahl ist, werden wir gerne mit Ihnen eruiren.<\/span><\/p>\n                  <\/div>\n                <\/div>\n              <\/div>\n            <\/div>\n          <\/div>\n        <\/div>\n      <\/div>\n    <\/div>\n  <\/div>\n<\/div>","protected":false},"excerpt":{"rendered":"<p>Was sind B\u00fcro-Feuerl\u00f6scher ? Wir haben uns Gedanken gemacht, damit auch unerfahrene Kunden zum richtigen Feuerl\u00f6scher kommen. Da dies ja meistens nicht Ihr allt\u00e4gliches Thema ist, haben wir ein&nbsp; B\u00fcro-Feuerl\u00f6scher&nbsp;Sortiment erstellt. So sind Sie als Kunde sicher, die richtigen Feuerl\u00f6scher anzuschaffen. Auch hier gibts nat\u00fcrlich noch einige Feuerl\u00f6scher Typen, doch \u00fcber die Beschreibungen sind die [&hellip;]<\/p>\n","protected":false},"author":3,"featured_media":0,"parent":1101,"menu_order":2,"comment_status":"closed","ping_status":"closed","template":"page-templates\/full-width-page.php","meta":{"footnotes":""},"class_list":["post-1115","page","type-page","status-publish","hentry"],"aioseo_notices":[],"_links":{"self":[{"href":"https:\/\/xn--fluorfreie-schaumfeuerlscher-p2c.ch\/index.php\/wp-json\/wp\/v2\/pages\/1115","targetHints":{"allow":["GET"]}}],"collection":[{"href":"https:\/\/xn--fluorfreie-schaumfeuerlscher-p2c.ch\/index.php\/wp-json\/wp\/v2\/pages"}],"about":[{"href":"https:\/\/xn--fluorfreie-schaumfeuerlscher-p2c.ch\/index.php\/wp-json\/wp\/v2\/types\/page"}],"author":[{"embeddable":true,"href":"https:\/\/xn--fluorfreie-schaumfeuerlscher-p2c.ch\/index.php\/wp-json\/wp\/v2\/users\/3"}],"replies":[{"embeddable":true,"href":"https:\/\/xn--fluorfreie-schaumfeuerlscher-p2c.ch\/index.php\/wp-json\/wp\/v2\/comments?post=1115"}],"version-history":[{"count":4,"href":"https:\/\/xn--fluorfreie-schaumfeuerlscher-p2c.ch\/index.php\/wp-json\/wp\/v2\/pages\/1115\/revisions"}],"predecessor-version":[{"id":1388,"href":"https:\/\/xn--fluorfreie-schaumfeuerlscher-p2c.ch\/index.php\/wp-json\/wp\/v2\/pages\/1115\/revisions\/1388"}],"up":[{"embeddable":true,"href":"https:\/\/xn--fluorfreie-schaumfeuerlscher-p2c.ch\/index.php\/wp-json\/wp\/v2\/pages\/1101"}],"wp:attachment":[{"href":"https:\/\/xn--fluorfreie-schaumfeuerlscher-p2c.ch\/index.php\/wp-json\/wp\/v2\/media?parent=1115"}],"curies":[{"name":"wp","href":"https:\/\/api.w.org\/{rel}","templated":true}]}}