{"id":221,"date":"2020-10-29T09:58:51","date_gmt":"2020-10-29T08:58:51","guid":{"rendered":"https:\/\/xn--fluorfreie-schaumfeuerlscher-p2c.ch\/?page_id=221"},"modified":"2020-11-03T12:46:33","modified_gmt":"2020-11-03T11:46:33","slug":"loeschwirkung","status":"publish","type":"page","link":"https:\/\/xn--fluorfreie-schaumfeuerlscher-p2c.ch\/index.php\/loeschwirkung\/","title":{"rendered":"L\u00f6schwirkung"},"content":{"rendered":"<div data-colibri-id=\"221-c1\" class=\"style-379 style-local-221-c1 position-relative\">\n  <!---->\n  <div data-colibri-component=\"section\" data-colibri-id=\"221-c2\" id=\"about\" class=\"h-section h-section-global-spacing d-flex align-items-lg-start align-items-md-start align-items-start style-394 style-local-221-c2 position-relative\">\n    <!---->\n    <!---->\n    <div class=\"h-section-grid-container h-section-boxed-container\">\n      <!---->\n      <div data-colibri-id=\"221-c3\" class=\"h-row-container gutters-row-lg-2 gutters-row-md-2 gutters-row-2 gutters-row-v-lg-2 gutters-row-v-md-2 gutters-row-v-2 style-395 style-local-221-c3 position-relative\">\n        <!---->\n        <div class=\"h-row justify-content-lg-center justify-content-md-center justify-content-center align-items-lg-stretch align-items-md-stretch align-items-stretch gutters-col-lg-2 gutters-col-md-2 gutters-col-2 gutters-col-v-lg-2 gutters-col-v-md-2 gutters-col-v-2\">\n          <!---->\n          <div class=\"h-column h-column-container d-flex h-col-lg-auto h-col-md-auto h-col-auto style-396-outer style-local-221-c4-outer\">\n            <div data-colibri-id=\"221-c4\" class=\"d-flex h-flex-basis h-column__inner h-px-lg-2 h-px-md-2 h-px-2 v-inner-lg-2 v-inner-md-2 v-inner-2 style-396 style-local-221-c4 position-relative\">\n              <!---->\n              <!---->\n              <div class=\"w-100 h-y-container h-column__content h-column__v-align flex-basis-100 align-self-lg-center align-self-md-center align-self-center\">\n                <!---->\n                <div data-colibri-id=\"221-c5\" class=\"h-global-transition-all h-heading style-397 style-local-221-c5 position-relative h-element\">\n                  <!---->\n                  <div class=\"h-heading__outer style-397 style-local-221-c5\">\n                    <!---->\n                    <!---->\n                    <h5 class=\"\">L\u00f6schwirkung unserer Schaum-Feuerl\u00f6scher<\/h5>\n                  <\/div>\n                <\/div>\n                <div data-colibri-id=\"221-c6\" class=\"h-global-transition-all h-heading style-398 style-local-221-c6 position-relative h-element\">\n                  <!---->\n                  <div class=\"h-heading__outer style-398 style-local-221-c6\">\n                    <!---->\n                    <!---->\n                    <h2 class=\"\">Schaum ist sehr wirkungsvoll bei geringer Verschmutzung<\/h2>\n                  <\/div>\n                <\/div>\n                <div data-colibri-id=\"221-c7\" class=\"h-text h-text-component style-399 style-local-221-c7 position-relative h-element\">\n                  <!---->\n                  <!---->\n                  <div class=\"\">\n                    <p>Jockel-Kartuschenl\u00f6scher SK 6\/9JX Bio z\u00e4hlen zu den innovativen Feuerl\u00f6schger\u00e4ten, weil hier eine sortenreine Trennung von Schaumkonzentrat und Wasser m\u00f6glich ist. Somit werden die Belastungen f\u00fcr die Umwelt erheblich reduziert. Durch\n                      die getrennte Bevorratung des L\u00f6schmittelkonzentrats in einer Kartusche wird die Haltbarkeit erh\u00f6ht, so dass bei der Wartung innerhalb der Haltbarkeitszeit nur das Wasser ersetzt werden muss. Nach dieser Zeit ist eine vergleichsweise\n                      geringe L\u00f6schmittelmenge zu entsorgen, was einen minimierten Zeitaufwand erfordert. Daher ist diese Konstruktion nicht nur besonders wartungsfreundlich und \u00f6kologisch, sondern auch \u00f6konomisch. Der Einsatz unserer montierten Kartusche,\n                      mit Druckleitung zur Aktivierung, sorgt dar\u00fcber hinaus f\u00fcr eine optimale Vermischung des L\u00f6schmittels im Einsatzfall. Jockel-Kartuschenl\u00f6scher SK 6\/9 JX Bio \u00fcberzeugen durch ihre\n                      <br>erh\u00f6hte L\u00f6schleistung. Diese wurde erreicht, indem das Wasser im Beh\u00e4lter ebenfalls durch l\u00f6schaktive Substanzen angereichert wurde. Zwar ist auch hier der Fluoranteil deutlich gesenkt worden, aber dennoch muss das Wasser fachgerecht\n                      entsorgt werden.<\/p>\n                  <\/div>\n                <\/div>\n              <\/div>\n            <\/div>\n          <\/div>\n          <div class=\"h-column h-column-container d-flex h-col-lg-auto h-col-md-auto h-col-auto style-402-outer style-local-221-c8-outer\">\n            <div data-colibri-id=\"221-c8\" class=\"d-flex h-flex-basis h-column__inner h-px-lg-2 h-px-md-2 h-px-2 v-inner-lg-2 v-inner-md-2 v-inner-2 style-402 style-local-221-c8 position-relative\">\n              <!---->\n              <!---->\n              <div class=\"w-100 h-y-container h-column__content h-column__v-align flex-basis-100 align-self-lg-center align-self-md-center align-self-center\">\n                <!---->\n                <div data-colibri-id=\"221-c9\" class=\"d-block style-403 style-local-221-c9 position-relative h-element\">\n                  <!---->\n                  <div class=\"h-image__frame-container-outer\">\n                    <div class=\"h-image__frame-container\">\n                      <!---->\n                      <!---->\n                      <img loading=\"lazy\" decoding=\"async\" width=\"450\" height=\"300\" src=\"https:\/\/xn--fluorfreie-schaumfeuerlscher-p2c.ch\/wp-content\/uploads\/2020\/11\/cropped-Schaum-Feuerloescher.jpg\" class=\"wp-image-610 style-403-image style-local-221-c9-image\" alt=\"\" srcset=\"https:\/\/xn--fluorfreie-schaumfeuerlscher-p2c.ch\/wp-content\/uploads\/2020\/11\/cropped-Schaum-Feuerloescher.jpg 450w, https:\/\/xn--fluorfreie-schaumfeuerlscher-p2c.ch\/wp-content\/uploads\/2020\/11\/cropped-Schaum-Feuerloescher-300x200.jpg 300w\" sizes=\"auto, (max-width: 450px) 100vw, 450px\" \/>\n                      <div class=\"h-image__frame h-hide-sm style-403-frameImage style-local-221-c9-frameImage\"><\/div>\n                    <\/div>\n                  <\/div>\n                <\/div>\n              <\/div>\n            <\/div>\n          <\/div>\n        <\/div>\n      <\/div>\n    <\/div>\n  <\/div>\n  <div data-colibri-component=\"section\" data-colibri-id=\"221-c10\" id=\"custom\" class=\"h-section h-section-global-spacing d-flex align-items-lg-center align-items-md-center align-items-center style-461 style-local-221-c10 position-relative\">\n    <!---->\n    <!---->\n    <div class=\"h-section-grid-container h-section-boxed-container\">\n      <!---->\n      <div data-colibri-id=\"221-c11\" class=\"h-row-container gutters-row-lg-2 gutters-row-md-2 gutters-row-0 gutters-row-v-lg-2 gutters-row-v-md-2 gutters-row-v-2 style-462 style-local-221-c11 position-relative\">\n        <!---->\n        <div class=\"h-row justify-content-lg-center justify-content-md-center justify-content-center align-items-lg-stretch align-items-md-stretch align-items-stretch gutters-col-lg-2 gutters-col-md-2 gutters-col-0 gutters-col-v-lg-2 gutters-col-v-md-2 gutters-col-v-2\">\n          <!---->\n          <div class=\"h-column h-column-container d-flex h-col-lg-6 h-col-md-6 h-col-12 style-463-outer style-local-221-c12-outer\">\n            <div data-colibri-id=\"221-c12\" class=\"d-flex h-flex-basis h-column__inner h-px-lg-2 h-px-md-2 h-px-2 v-inner-lg-2 v-inner-md-2 v-inner-2 style-463 style-local-221-c12 position-relative\">\n              <!---->\n              <!---->\n              <div class=\"w-100 h-y-container h-column__content h-column__v-align flex-basis-100 align-self-lg-start align-self-md-start align-self-start\">\n                <!---->\n                <div data-colibri-id=\"221-c13\" class=\"h-text h-text-component style-464 style-local-221-c13 position-relative h-element\">\n                  <!---->\n                  <!---->\n                  <div class=\"\">\n                    <p>Wirkungsweise<\/p>\n                    <p>Die Besonderheit des AFFF gegen\u00fcber beispielsweise den gebr\u00e4uchlicheren Mehrbereichsschaummitteln ist die durch die enthaltenen Fluortenside gegebene F\u00e4higkeit der Ausbildung eines wasserhaltigen Filmes zwischen Schaum und brennbarer\n                      Fl\u00fcssigkeit. Diese Eigenschaft wird durch die im AFFF enthaltenen Perfluortenside erm\u00f6glicht: diese Molek\u00fcle sind an einem Ende hydrophil (Wasser anziehend), am anderen Ende jedoch hydro- und lipophob. Sie \u201edocken\u201c an einer Seite\n                      an Wassermolek\u00fclen an, das freie Ende jedoch mischt sich weder mit \u00f6ligen noch mit w\u00e4ssrigen Substanzen. Diese Absto\u00dfung ist so gro\u00df, dass der w\u00e4ssrige Tensidfilm nicht unter den leichteren unpolaren Brennstoff (etwa Mineral\u00f6lprodukt)\n                      durchsinken kann, sondern stattdessen auf der Oberfl\u00e4che einen Film ausbildet. Dieser Film ist dampfdicht und erm\u00f6glicht durch bessere Gleitf\u00e4higkeit eine schnellere Ausbreitung (Spreitung) des Schaumteppichs auf der Fl\u00fcssigkeitsoberfl\u00e4che.<\/p>\n                    <p>\n                      <br>\n                    <\/p>\n                    <p>Einsatz<\/p>\n                    <p>Standard-AFFF sind, wie die meisten anderen gebr\u00e4uchlichen Schaummittel auch, nur zur Bek\u00e4mpfung von Br\u00e4nden unpolarer Fl\u00fcssigkeiten (\u00d6l, Kraftstoff, viele Erd\u00f6lprodukte) geeignet.<\/p>\n                    <p>\n                      <br>\n                    <\/p>\n                    <p>Sollten gr\u00f6\u00dfere Mengen polarer Fl\u00fcssigkeiten wie beispielsweise Alkohole oder Ketone in Brand geraten, sind spezielle alkoholbest\u00e4ndige Schaummittel notwendig. Die Eignung f\u00fcr polare Fl\u00fcssigkeiten wird mit angeh\u00e4ngten K\u00fcrzeln wie beispielsweise\n                      AR (Alcohol Resistant), ARC (Alcohol Resistant Concentrate) oder ATC (Alcohol Type Concentrate) angegeben. So st\u00fcnde beispielsweise die Abk\u00fcrzung \u201eAFFF-AR\u201c f\u00fcr ein alkoholbest\u00e4ndiges, wasserfilmbildendes Schaummittel. Auf polaren\n                      Fl\u00fcssigkeiten bildet sich kein Wasserfilm aus. Wird dort ein Film gew\u00fcnscht, so kommen polymerfilmbildende Schaummittel zum Einsatz. Die meisten AFFF-AR sind gleichzeitig Wasser- (bei unpolaren Fl\u00fcssigkeiten) und Polymerfilmbildend\n                      (bei polaren Fl\u00fcssigkeiten). Erkennbar sind solche \u201eAllesk\u00f6nner\u201c meist an ihrer hochviskosen, fast gelartigen Konsistenz.<\/p>\n                    <p>\n                      <br>\n                    <\/p>\n                    <p>Immer h\u00e4ufiger setzt sich auch bei \u00f6ffentlichen Feuerwehren die Erkenntnis durch, dass die Bevorratung von alkoholbest\u00e4ndigen AFFF durchaus sinnvoll sein kann, da bestimmte Lagen, die auch durchaus bei Transportunf\u00e4llen denkbar sind,\n                      nur mit alkoholbest\u00e4ndigem Schaum beherrschbar sein k\u00f6nnen. Auch moderne \u201enormale\u201c Kraftstoffe enthalten einen nennenswerten Anteil polarer Zusatzstoffe, so kann in Ottokraftstoff bei normaler Wintermischung durchaus beispielsweise\n                      MTBE in zweistelliger Prozentzahl enthalten sein. Nicht immer ist eine Werkfeuerwehr der chemischen oder petrochemischen Industrie in der N\u00e4he, die AFFF-AR schnell und ausreichend zur Verf\u00fcgung stellen kann.<\/p>\n                    <p>\n                      <br>\n                    <\/p>\n                    <p>Die Zumischrate der AFFF ist vom Produkt abh\u00e4ngig, sie liegt zwischen 1 % und 6 %. Es ist auch m\u00f6glich, dass f\u00fcr ein Produkt zwei Zumischraten angegeben sind, dann handelt es sich um ein alkoholbest\u00e4ndiges AFFF, wobei die h\u00f6here Zumischrate\n                      nur bei polaren Fl\u00fcssigkeiten, wie beispielsweise Alkoholen, notwendig ist.<\/p>\n                    <p>\n                      <br>\n                    <\/p>\n                    <p>Mit den meisten AFFF-Schaumbildnern l\u00e4sst sich Schwer- und Mittelschaum erzeugen.<\/p>\n                    <p>\n                      <br>\n                    <\/p>\n                    <p>Umwelt- und Gesundheitsaspekte<\/p>\n                    <p>Die Fluortenside (perfluorierte Tenside, PFT) bzw. ihre Abbaustoffe haben Eigenschaften, wegen derer ein Einsatz von fluorierten Schaummitteln (AFFF, FP, FFFP) wohl \u00fcberlegt sein sollte. Freigesetzte PFT sind persistent und zumindest\n                      teilweise bioakkumulierend. Die Verweilzeit im K\u00f6rper ist sehr gro\u00df (Halbwertszeit etwa f\u00fcnf Jahre). Organische Perfluorverbindungen, wozu auch die in fluorierten Schaummitteln verwendeten Perfluortenside (bzw. ihre Abbauprodukte)\n                      z\u00e4hlen, sind mittlerweile \u00fcberall auf der Welt nachweisbar. Besonders ist in dieser Hinsicht in der Vergangenheit Perfluoroctansulfonat (PFOS) aufgefallen, das fr\u00fcher in vielen fluorierten Schaummitteln enthalten war. Ein Teil der\n                      Fluortensidbelastung entsteht jedoch auch durch andere Bereiche der Industrieprodukte wie Antihaftbeschichtungen oder Impr\u00e4gniermittel.<\/p>\n                    <p>\n                      <br>\n                    <\/p>\n                    <p>Aufgrund dieser negativen Eigenschaften enthalten heutige AFFF-Schaummittel anstelle PFOS sogenannte C6-Telomere wie etwa Perfluoralkylbetaine (z. B. Capstone Fluorosurfactant 1183 oder Capstone Produkt B), die in der Umwelt aber ebenso\n                      persistent und zus\u00e4tzlich mobiler sind. Durch den Einschub einer C2H4-Einheit zwischen perfluorierter Kette und polarer Gruppe wird das Telomer zu Telomersulfonaten abgebaut.<\/p>\n                  <\/div>\n                <\/div>\n              <\/div>\n            <\/div>\n          <\/div>\n        <\/div>\n      <\/div>\n    <\/div>\n  <\/div>\n<\/div>","protected":false},"excerpt":{"rendered":"<p>L\u00f6schwirkung unserer Schaum-Feuerl\u00f6scher Schaum ist sehr wirkungsvoll bei geringer Verschmutzung Jockel-Kartuschenl\u00f6scher SK 6\/9JX Bio z\u00e4hlen zu den innovativen Feuerl\u00f6schger\u00e4ten, weil hier eine sortenreine Trennung von Schaumkonzentrat und Wasser m\u00f6glich ist. Somit werden die Belastungen f\u00fcr die Umwelt erheblich reduziert. Durch die getrennte Bevorratung des L\u00f6schmittelkonzentrats in einer Kartusche wird die Haltbarkeit erh\u00f6ht, so dass bei [&hellip;]<\/p>\n","protected":false},"author":1,"featured_media":0,"parent":0,"menu_order":6,"comment_status":"closed","ping_status":"closed","template":"page-templates\/full-width-page.php","meta":{"footnotes":""},"class_list":["post-221","page","type-page","status-publish","hentry"],"aioseo_notices":[],"_links":{"self":[{"href":"https:\/\/xn--fluorfreie-schaumfeuerlscher-p2c.ch\/index.php\/wp-json\/wp\/v2\/pages\/221","targetHints":{"allow":["GET"]}}],"collection":[{"href":"https:\/\/xn--fluorfreie-schaumfeuerlscher-p2c.ch\/index.php\/wp-json\/wp\/v2\/pages"}],"about":[{"href":"https:\/\/xn--fluorfreie-schaumfeuerlscher-p2c.ch\/index.php\/wp-json\/wp\/v2\/types\/page"}],"author":[{"embeddable":true,"href":"https:\/\/xn--fluorfreie-schaumfeuerlscher-p2c.ch\/index.php\/wp-json\/wp\/v2\/users\/1"}],"replies":[{"embeddable":true,"href":"https:\/\/xn--fluorfreie-schaumfeuerlscher-p2c.ch\/index.php\/wp-json\/wp\/v2\/comments?post=221"}],"version-history":[{"count":14,"href":"https:\/\/xn--fluorfreie-schaumfeuerlscher-p2c.ch\/index.php\/wp-json\/wp\/v2\/pages\/221\/revisions"}],"predecessor-version":[{"id":864,"href":"https:\/\/xn--fluorfreie-schaumfeuerlscher-p2c.ch\/index.php\/wp-json\/wp\/v2\/pages\/221\/revisions\/864"}],"wp:attachment":[{"href":"https:\/\/xn--fluorfreie-schaumfeuerlscher-p2c.ch\/index.php\/wp-json\/wp\/v2\/media?parent=221"}],"curies":[{"name":"wp","href":"https:\/\/api.w.org\/{rel}","templated":true}]}}