{"id":3,"date":"2020-10-29T08:05:39","date_gmt":"2020-10-29T07:05:39","guid":{"rendered":"https:\/\/xn--fluorfreie-schaumfeuerlscher-p2c.ch\/?page_id=3"},"modified":"2021-10-25T14:22:54","modified_gmt":"2021-10-25T13:22:54","slug":"warum-schaum-feuerloescher","status":"publish","type":"page","link":"https:\/\/xn--fluorfreie-schaumfeuerlscher-p2c.ch\/index.php\/warum-schaum-feuerloescher\/","title":{"rendered":"Warum Schaum-Feuerl\u00f6scher"},"content":{"rendered":"<div data-colibri-id=\"3-c1\" class=\"style-441 style-local-3-c1 position-relative\">\n  <!---->\n  <div data-colibri-component=\"section\" data-colibri-id=\"3-c2\" id=\"custom\" class=\"h-section h-section-global-spacing d-flex align-items-lg-center align-items-md-center align-items-center style-457 style-local-3-c2 position-relative\">\n    <!---->\n    <!---->\n    <div class=\"h-section-grid-container h-section-boxed-container\">\n      <!---->\n      <div data-colibri-id=\"3-c3\" class=\"h-row-container gutters-row-lg-2 gutters-row-md-2 gutters-row-0 gutters-row-v-lg-2 gutters-row-v-md-2 gutters-row-v-2 style-458 style-local-3-c3 position-relative\">\n        <!---->\n        <div class=\"h-row justify-content-lg-center justify-content-md-center justify-content-center align-items-lg-stretch align-items-md-stretch align-items-stretch gutters-col-lg-2 gutters-col-md-2 gutters-col-0 gutters-col-v-lg-2 gutters-col-v-md-2 gutters-col-v-2\">\n          <!---->\n          <div class=\"h-column h-column-container d-flex h-col-lg-6 h-col-md-6 h-col-12 style-459-outer style-local-3-c4-outer\">\n            <div data-colibri-id=\"3-c4\" class=\"d-flex h-flex-basis h-column__inner h-px-lg-2 h-px-md-2 h-px-2 v-inner-lg-2 v-inner-md-2 v-inner-2 style-459 style-local-3-c4 position-relative\">\n              <!---->\n              <!---->\n              <div class=\"w-100 h-y-container h-column__content h-column__v-align flex-basis-100 align-self-lg-start align-self-md-start align-self-start\">\n                <!---->\n                <div data-colibri-id=\"3-c5\" class=\"h-text h-text-component style-460 style-local-3-c5 position-relative h-element\">\n                  <!---->\n                  <!---->\n                  <div class=\"\">\n                    <p>Was ist besser ? Fluorfreie Schaum-Feuerl\u00f6scher oder ein Pulver-Feuerl\u00f6scher?<\/p>\n                    <p>Pulverl\u00f6scher verursachen einen sehr grossen Schaden durch das L\u00f6schmittel, ein Green Schauml\u00f6scher hingegen hinterl\u00e4sst kaum Spuren.<\/p>\n                    <p>In privaten Haushalten oder im Gewerbe werden in den meisten F\u00e4llen Pulver oder Schauml\u00f6scher eingesetzt. Sie sind unschl\u00fcssig welche Art von Feuerl\u00f6scher der Richtige ist? Hier informieren wir Sie \u00fcber die Vor- und Nachteile der beiden\n                      L\u00f6schmitteln und geben Ihnen Tipps f\u00fcr die Anschaffung, Wartung und Einsatz.<\/p>\n                    <p>Der Pulverl\u00f6scher\n                      <br>Mit einem Pulverl\u00f6scher der Brandklasse A\/B\/C haben Sie ein sehr breites Einsatzspektrum in Bezug auf die Brandklassen die gel\u00f6scht werden k\u00f6nnen, denn dieser Feuerl\u00f6scher eignet sich f\u00fcr die Brandklassen A (feste Stoffe), B (fl\u00fcssige\n                      Stoffe) und C (gasf\u00f6rmige Stoffe). Ausserdem ist der Pulver-Feuerl\u00f6scher frostbest\u00e4ndig. Da diese Ger\u00e4te h\u00e4ufig sehr g\u00fcnstig in Baum\u00e4rkten oder sonstigen L\u00e4den zu finden sind, sind diese ABC Pulverl\u00f6scher auch in der Schweiz sehr\n                      weit verbreitet. Leider wissen viele der K\u00e4ufer nicht, dass bei einem Einsatz ein sehr hoher Schaden an der gesamten Wohnungseinrichtung durch das L\u00f6schmittel entsteht und somit wird aus Unwissenheit und im Glauben ein g\u00fcnstiges\n                      Schn\u00e4ppchen gemacht zu haben, ein ein Pulverl\u00f6scher auch im Innenbereich angeschafft. Meistens ist der Schaden durch das L\u00f6schpulver gr\u00f6sser, als der eigentliche Brandschaden.<\/p>\n                    <p>Die wesentlichen Vorteile eines Pulverl\u00f6scher:\n                      <br>Die sofort und schlagartig einsetzende L\u00f6schwirkung durch die Pulverwolke\n                      <br>Eine hohe L\u00f6schleistung in den Brandklassen A\/B\/C\n                      <br>Meist sehr g\u00fcnstig in der Anschaffung<\/p>\n                    <p>\n                      <br>\n                    <\/p>\n                    <p>Nachteile eines Pulverl\u00f6scher:\n                      <br>Sehr hoher Schaden an der Einrichtung durch das L\u00f6schmittel aufgrund des schlagartigen L\u00f6schmittelaustritts.\n                      <br>Meistens ist nur eine kurze Betriebsdauer m\u00f6glich und daher f\u00fcr Laien weniger geeignet. Sehr wenig Reserven.<\/p>\n                    <p>Keine K\u00fchlwirkung des L\u00f6schmittels und somit werden oft Br\u00e4nde kurzfristig gel\u00f6scht, flammen jedoch nach kurzer Zeit wieder auf, R\u00fcckz\u00fcndungen sind jederzeit m\u00f6glich.<\/p>\n                    <p>Bei einem Einsatz in der Wohnung oder im Gewerbe herrscht eine gro\u00dfe Sichtbehinderung und eventuell auch Atembehinderung durch Austritt der Pulverwolke, was den sonst schon anspruchsvollen L\u00f6scheinsatz zus\u00e4tzlich erschwert..<\/p>\n                    <p>Aufgrund der aufgez\u00e4hlten Nachteile empfehlen wir Ihnen den Kauf eines Pulverl\u00f6schers nur im Au\u00dfenbereich oder im Keller, in Garagen und auf Fahrzeugen. Aber selbst ein Einsatz im Keller kann bei einer ge\u00f6ffneten T\u00fcre, Reinigungsarbeiten\n                      in anderen R\u00e4umen mit sich ziehen.<\/p>\n                    <p>Im weiteren ist das L\u00f6schpulver hochgradig korrosiv, dass bedeutet, dass alle Metalle angegriffen werden. Auch in Ger\u00e4ten, Steckdosen, L\u00fcftungen, Lichtschalter etc.<\/p>\n                    <p>Der Fluorfreie Schaumfeuerl\u00f6scher\n                      <br>Fluorfreie Schaum-Feuerl\u00f6scher unterscheiden sich im Vergleich zu den Pulverl\u00f6schern in der L\u00f6schwirkung und in der Verschmutzung. Das Schaummittel legt sich \u00fcber den Brandherd und erstickt und k\u00fchlt diesen. Eingesetzt werden kann\n                      der Schauml\u00f6scher aber f\u00fcr die Brandklasse A (feste Stoffe wie z. B. Papier oder Textilien) und B (fl\u00fcssige Stoffe). Ein gro\u00dfer Vorteil ist, dass keine gro\u00dfen Verunreinigungen bei einem L\u00f6schvorgang entstehen und somit eignet sich\n                      dieser Feuerl\u00f6scher auch f\u00fcr Eins\u00e4tze im Wohnbereich und im Gewerbe. Es sind auch Elektroger\u00e4te und Installationen l\u00f6schbar bis 1000 Volt.<\/p>\n                    <p>Vorteile eines Schaum-Feuerl\u00f6scher:\n                      <br>Geringer Schaden durch das eingesetzte L\u00f6schmittel, 100%frei von Fluor und L\u00f6semittel\n                      <br>Geringer Betriebsdruck und somit aufgrund der l\u00e4ngeren Betriebsdauer f\u00fcr Laien einfacher zu bedienen.\n                      <br>Die L\u00f6schleistung erreicht ann\u00e4hernd die eines Pulverl\u00f6schers.\n                      <br>R\u00fcckz\u00fcndungen werden effektiv unterbunden.<\/p>\n                    <p>Nachteile:\n                      <br>Die Anschaffung ist etwas teurer\n                      <br>Meistens nur f\u00fcr Br\u00e4nde der Brandklasse A und B geeignet\n                      <br>Es gibt aber auch Schaum-Feuerl\u00f6scher die geeignet sind, auch Br\u00e4nde der Brandklasse F ( Fett ) zu l\u00f6schen. Hierbei muss beachtet werden, dass der L\u00f6scheinsatz aus gr\u00f6sserer Entfernung stattfinden sollte, aufgrund des starken L\u00f6schmittelstrahls.<\/p>\n                    <p>\n                      <br>\n                    <\/p>\n                    <p>Welchen Feuerl\u00f6scher soll ich nun kaufen?\n                      <br>Sollte es bei Ihnen im Privathaushalt oder im Gewerbe trotz aller Vorsicht brennen, handelt es sich in den meisten F\u00e4llen um Br\u00e4nde der Brandklasse A, also um feste Stoffe wie z. B. das Sofa, das Bett oder um Br\u00e4nde der Brandklasse\n                      B. Nur in Ausnahmef\u00e4llen haben Sie es auch mit Br\u00e4nden der Brandklasse C zu tun. Wir empfehlen Ihnen daher unbedingt die Anschaffung eines Fluorfreien Schauml\u00f6schers, auch wenn dieser einen h\u00f6heren Anschaffungspreis hat, mit dem\n                      Sie die h\u00e4ufigsten Brandklassen abdecken k\u00f6nnen. Hier k\u00f6nnen Sie sich zwischen zwei verschiedenen Bauarten entscheiden, dem sogenannten Dauerdruckl\u00f6scher der h\u00e4ufig eine deutlich schlechtere L\u00f6schleistung aufweist und dem Aufladel\u00f6scher.\n                      Aufgrund der deutlich besseren Technik und den zuk\u00fcnftig geringen Wartungskosten sollten Sie sich f\u00fcr einen Fluorfreien Schaum-Aufladel\u00f6scher entscheiden.<\/p>\n                  <\/div>\n                <\/div>\n              <\/div>\n            <\/div>\n          <\/div>\n        <\/div>\n      <\/div>\n    <\/div>\n  <\/div>\n<\/div>","protected":false},"excerpt":{"rendered":"<p>Was ist besser ? Fluorfreie Schaum-Feuerl\u00f6scher oder ein Pulver-Feuerl\u00f6scher? Pulverl\u00f6scher verursachen einen sehr grossen Schaden durch das L\u00f6schmittel, ein Green Schauml\u00f6scher hingegen hinterl\u00e4sst kaum Spuren. In privaten Haushalten oder im Gewerbe werden in den meisten F\u00e4llen Pulver oder Schauml\u00f6scher eingesetzt. Sie sind unschl\u00fcssig welche Art von Feuerl\u00f6scher der Richtige ist? Hier informieren wir Sie \u00fcber [&hellip;]<\/p>\n","protected":false},"author":1,"featured_media":0,"parent":0,"menu_order":1,"comment_status":"closed","ping_status":"closed","template":"page-templates\/full-width-page.php","meta":{"footnotes":""},"class_list":["post-3","page","type-page","status-publish","hentry"],"aioseo_notices":[],"_links":{"self":[{"href":"https:\/\/xn--fluorfreie-schaumfeuerlscher-p2c.ch\/index.php\/wp-json\/wp\/v2\/pages\/3","targetHints":{"allow":["GET"]}}],"collection":[{"href":"https:\/\/xn--fluorfreie-schaumfeuerlscher-p2c.ch\/index.php\/wp-json\/wp\/v2\/pages"}],"about":[{"href":"https:\/\/xn--fluorfreie-schaumfeuerlscher-p2c.ch\/index.php\/wp-json\/wp\/v2\/types\/page"}],"author":[{"embeddable":true,"href":"https:\/\/xn--fluorfreie-schaumfeuerlscher-p2c.ch\/index.php\/wp-json\/wp\/v2\/users\/1"}],"replies":[{"embeddable":true,"href":"https:\/\/xn--fluorfreie-schaumfeuerlscher-p2c.ch\/index.php\/wp-json\/wp\/v2\/comments?post=3"}],"version-history":[{"count":8,"href":"https:\/\/xn--fluorfreie-schaumfeuerlscher-p2c.ch\/index.php\/wp-json\/wp\/v2\/pages\/3\/revisions"}],"predecessor-version":[{"id":1357,"href":"https:\/\/xn--fluorfreie-schaumfeuerlscher-p2c.ch\/index.php\/wp-json\/wp\/v2\/pages\/3\/revisions\/1357"}],"wp:attachment":[{"href":"https:\/\/xn--fluorfreie-schaumfeuerlscher-p2c.ch\/index.php\/wp-json\/wp\/v2\/media?parent=3"}],"curies":[{"name":"wp","href":"https:\/\/api.w.org\/{rel}","templated":true}]}}